{"id":1316,"date":"2020-03-02T19:47:54","date_gmt":"2020-03-02T19:47:54","guid":{"rendered":"http:\/\/freedomjeans.com.ar\/?page_id=1316"},"modified":"2025-10-16T15:51:08","modified_gmt":"2025-10-16T18:51:08","slug":"como-comprar","status":"publish","type":"page","link":"https:\/\/freedomjeans.com.ar\/index.php\/como-comprar\/","title":{"rendered":"Como comprar"},"content":{"rendered":"<p>[vc_row disable_element=&#8221;yes&#8221;][vc_column][vc_tta_accordion style=&#8221;flat&#8221; color=&#8221;white&#8221; active_section=&#8221;1&#8243; el_class=&#8221;letra&#8221;][vc_tta_section title=&#8221;1.REGISTRATE EN NUESTRA TIENDA&#8221; tab_id=&#8221;1566418991346-47340ae9-32e8&#8243;][vc_column_text]Antes que nada, es necesario que est\u00e9s registrado en nuestro sitio. Si ya ten\u00e9s tu cuenta creada, solo ten\u00e9s que ingresar tu direcci\u00f3n de correo electr\u00f3nico y contrase\u00f1a. Si sos nuevo, crea tu cuenta en Registrarse.[\/vc_column_text][\/vc_tta_section][vc_tta_section title=&#8221;2.COMPLET\u00c1 TUS DATOS&#8221; tab_id=&#8221;1566419022820-84d46678-6308&#8243;][vc_column_text]Luego, complet\u00e1 con tu direcci\u00f3n de facturaci\u00f3n y de env\u00edo.[\/vc_column_text][\/vc_tta_section][vc_tta_section title=&#8221;3.NAVEG\u00c1 EN NUESTRA TIENDA&#8221; tab_id=&#8221;1566419022685-b0351892-8e47&#8243;][vc_column_text]Naveg\u00e1 en nuestra tienda desde tu computadora, tablet o celular y eleg\u00ed las prendas que quer\u00e9s comprar.[\/vc_column_text][\/vc_tta_section][vc_tta_section title=&#8221;4.SELECCION\u00c1 TUS PREFERENCIAS&#8221; tab_id=&#8221;1566419022516-4f026e91-9353&#8243;][vc_column_text]Seleccion\u00e1 color, talle y cantidad, y agregalas a tu carrito de compras.[\/vc_column_text][\/vc_tta_section][vc_tta_section title=&#8221;5.ELEG\u00cd EL M\u00c9TODO DE ENV\u00cdO&#8221; tab_id=&#8221;1566419022336-912b4de2-8d98&#8243;][vc_column_text]Eleg\u00ed el m\u00e9todo de env\u00edo m\u00e1s conveniente.[\/vc_column_text][\/vc_tta_section][vc_tta_section title=&#8221;6.SELECCION\u00c1 EL MEDIO DE PAGO&#8221; tab_id=&#8221;1566419022122-e52b5625-a3b7&#8243;][vc_column_text]Seleccion\u00e1 el medio de pago.[\/vc_column_text][\/vc_tta_section][vc_tta_section title=&#8221;7.REVIS\u00c1 TU PEDIDO&#8221; tab_id=&#8221;1566419021908-b8cca8f5-b66e&#8221;][vc_column_text]Realiz\u00e1 una \u00faltima revisi\u00f3n del resumen de tu pedido y cheque\u00e1 que toda la informaci\u00f3n sea correcta. Si est\u00e1s conforme con el pedido, hac\u00e9 click en \u201cRealizar Pago\u201d.[\/vc_column_text][\/vc_tta_section][vc_tta_section title=&#8221;8.CHEQUE\u00c1 TU MAIL&#8221; tab_id=&#8221;1566419021672-aaa65f3d-7d46&#8243;][vc_column_text]Por \u00faltimo, recibir\u00e1s en tu casilla de correo electr\u00f3nico un mail de confirmaci\u00f3n con tu n\u00famero de pedido. Y una vez que se acredite el pago, recibir\u00e1s otro correo para informarte de que tu pedido ha sido enviado.[\/vc_column_text][\/vc_tta_section][\/vc_tta_accordion][\/vc_column][\/vc_row][vc_row][vc_column][vc_row_inner][vc_column_inner width=&#8221;1\/3&#8243;][vc_icon type=&#8221;linecons&#8221; icon_linecons=&#8221;vc_li vc_li-user&#8221; color=&#8221;black&#8221; size=&#8221;lg&#8221; align=&#8221;center&#8221;][vc_column_text]<strong>1. INGRESA A TU CUENTA O REGISTRATE<\/strong>[\/vc_column_text][vc_column_text]Clickea el logo &#8220;cuenta&#8221; en la esquina superior de la pagina web y completa todos los datos para iniciar sesi\u00f3n\/crear cuenta.[\/vc_column_text][\/vc_column_inner][vc_column_inner width=&#8221;1\/3&#8243;][vc_icon type=&#8221;linecons&#8221; icon_linecons=&#8221;vc_li vc_li-pen&#8221; color=&#8221;black&#8221; size=&#8221;lg&#8221; align=&#8221;center&#8221;][vc_column_text]<strong>2. HACE TU PEDIDO<\/strong>[\/vc_column_text][vc_column_text]Selecciona lo que mas te guste y agr\u00e9galo a tu carrito. Recorda que el monto total debe superar los $100.000[\/vc_column_text][\/vc_column_inner][vc_column_inner width=&#8221;1\/3&#8243;][vc_icon type=&#8221;linecons&#8221; icon_linecons=&#8221;vc_li vc_li-params&#8221; color=&#8221;black&#8221; size=&#8221;lg&#8221; align=&#8221;center&#8221;][vc_column_text]<strong>3. ELEGI METODO DE ENVIO Y PAGO<\/strong>[\/vc_column_text][vc_column_text]Eleg\u00ed la forma de entrega mas conveniente y luego selecciona la forma de pago. \u00a1Por favor asegura que tus datos de envio y facturaci\u00f3n est\u00e9n correctos para evitar inconvenientes![\/vc_column_text][\/vc_column_inner][\/vc_row_inner][\/vc_column][\/vc_row][vc_row][vc_column]<div class=\"supro-empty-space \" style=\"\"><div class=\"supro_empty_space_lg\"  style=\"height: 50px\"><\/div><div class=\"supro_empty_space_md\"  style=\"height: 50px\"><\/div><div class=\"supro_empty_space_xs\"  style=\"height: 30px\"><\/div><\/div>[\/vc_column][\/vc_row][vc_row][vc_column][vc_row_inner][vc_column_inner width=&#8221;1\/3&#8243;][vc_icon type=&#8221;linecons&#8221; icon_linecons=&#8221;vc_li vc_li-vallet&#8221; color=&#8221;black&#8221; size=&#8221;lg&#8221; align=&#8221;center&#8221;][vc_column_text]<strong>4. PAGA TU COMPRA<\/strong>[\/vc_column_text][vc_column_text]Una vez finalizado el pedido nos contactaremos por WhatsApp para confirmarte la disponibilidad de stock y brindarte los datos necesarios de pago, el cual debe realizarse dentro de las 48hs, caso contrario se cancela el pedido.[\/vc_column_text][\/vc_column_inner][vc_column_inner width=&#8221;1\/3&#8243;][vc_icon type=&#8221;linecons&#8221; icon_linecons=&#8221;vc_li vc_li-truck&#8221; color=&#8221;black&#8221; size=&#8221;lg&#8221; align=&#8221;center&#8221;][vc_column_text]<strong>5. PEDIDO CONFIRMADO<\/strong>[\/vc_column_text][vc_column_text]\u00a1Listo! Podes ingresar a tu casilla del correo y ver tu compra en detalle. Una vez abonado y confirmado el pago, despachamos los pedidos dentro del plazo de 1 a 4 d\u00edas h\u00e1biles. Tambi\u00e9n contamos con retiro por nuestro deposito.[\/vc_column_text][\/vc_column_inner][vc_column_inner width=&#8221;1\/3&#8243;][vc_icon type=&#8221;linecons&#8221; color=&#8221;black&#8221; size=&#8221;lg&#8221; align=&#8221;center&#8221;][vc_column_text]<strong>6. DISFRUTA TU PEDIDO<\/strong>[\/vc_column_text][vc_column_text]Todo listo! Disfruta de tu pedido en Freedom. Gracias por confiar en nosotros![\/vc_column_text][\/vc_column_inner][\/vc_row_inner][\/vc_column][\/vc_row][vc_row][vc_column]<div class=\"supro-empty-space \" style=\"\"><div class=\"supro_empty_space_lg\"  style=\"height: 175px\"><\/div><div class=\"supro_empty_space_md\"  style=\"height: 120px\"><\/div><div class=\"supro_empty_space_xs\"  style=\"height: 60px\"><\/div><\/div>[vc_column_text]<\/p>\n<div class=\"text-center\" style=\"font-size: 30px; color: #000;\">Si tenes alguna duda, <a class=\"primary-color\" style=\"text-decoration: underline; font-weight: bold;\" href=\"#\">Contactanos<\/a><\/div>\n<p>[\/vc_column_text][\/vc_column][\/vc_row]<\/p>\n","protected":false},"excerpt":{"rendered":"<p>[vc_row disable_element=&#8221;yes&#8221;][vc_column][vc_tta_accordion style=&#8221;flat&#8221; color=&#8221;white&#8221; active_section=&#8221;1&#8243; el_class=&#8221;letra&#8221;][vc_tta_section title=&#8221;1.REGISTRATE EN NUESTRA TIENDA&#8221; tab_id=&#8221;1566418991346-47340ae9-32e8&#8243;][vc_column_text]Antes que nada, es necesario que est\u00e9s registrado en nuestro sitio. Si ya ten\u00e9s tu cuenta creada, solo ten\u00e9s que ingresar tu direcci\u00f3n de correo electr\u00f3nico y contrase\u00f1a. Si sos nuevo, crea tu cuenta en Registrarse.[\/vc_column_text][\/vc_tta_section][vc_tta_section title=&#8221;2.COMPLET\u00c1 TUS DATOS&#8221; tab_id=&#8221;1566419022820-84d46678-6308&#8243;][vc_column_text]Luego, complet\u00e1 con tu direcci\u00f3n de [&hellip;]<\/p>\n","protected":false},"author":1,"featured_media":0,"parent":0,"menu_order":0,"comment_status":"closed","ping_status":"closed","template":"","meta":{"footnotes":""},"_links":{"self":[{"href":"https:\/\/freedomjeans.com.ar\/index.php\/wp-json\/wp\/v2\/pages\/1316"}],"collection":[{"href":"https:\/\/freedomjeans.com.ar\/index.php\/wp-json\/wp\/v2\/pages"}],"about":[{"href":"https:\/\/freedomjeans.com.ar\/index.php\/wp-json\/wp\/v2\/types\/page"}],"author":[{"embeddable":true,"href":"https:\/\/freedomjeans.com.ar\/index.php\/wp-json\/wp\/v2\/users\/1"}],"replies":[{"embeddable":true,"href":"https:\/\/freedomjeans.com.ar\/index.php\/wp-json\/wp\/v2\/comments?post=1316"}],"version-history":[{"count":10,"href":"https:\/\/freedomjeans.com.ar\/index.php\/wp-json\/wp\/v2\/pages\/1316\/revisions"}],"predecessor-version":[{"id":85824,"href":"https:\/\/freedomjeans.com.ar\/index.php\/wp-json\/wp\/v2\/pages\/1316\/revisions\/85824"}],"wp:attachment":[{"href":"https:\/\/freedomjeans.com.ar\/index.php\/wp-json\/wp\/v2\/media?parent=1316"}],"curies":[{"name":"wp","href":"https:\/\/api.w.org\/{rel}","templated":true}]}}